{"id":2405,"date":"2022-08-30T14:08:30","date_gmt":"2022-08-30T14:08:30","guid":{"rendered":"https:\/\/thegenius.co\/wp\/finlon\/live\/?page_id=2405"},"modified":"2026-01-25T01:30:39","modified_gmt":"2026-01-25T00:30:39","slug":"contactez-nous","status":"publish","type":"page","link":"https:\/\/asse-groupe.com\/index.php\/contactez-nous\/","title":{"rendered":"Contactez-nous"},"content":{"rendered":"\t\t<div data-elementor-type=\"wp-page\" data-elementor-id=\"2405\" class=\"elementor elementor-2405\">\n\t\t\t\t\t\t<section class=\"elementor-section elementor-top-section elementor-element elementor-element-61c2ccb contact-one finlon-column-stretched-none elementor-section-boxed elementor-section-height-default elementor-section-height-default\" data-id=\"61c2ccb\" data-element_type=\"section\" data-e-type=\"section\">\n\t\t\t\t\t\t\t<div class=\"elementor-background-overlay\"><\/div>\n\t\t\t\t\t\t\t<div class=\"elementor-container elementor-column-gap-default\">\n\t\t\t\t\t<div class=\"elementor-column elementor-col-50 elementor-top-column elementor-element elementor-element-860c5eb\" data-id=\"860c5eb\" data-element_type=\"column\" data-e-type=\"column\">\n\t\t\t<div class=\"elementor-widget-wrap elementor-element-populated\">\n\t\t\t\t\t\t<div class=\"elementor-element elementor-element-f2afded elementor-widget elementor-widget-finlon_title\" data-id=\"f2afded\" data-element_type=\"widget\" data-e-type=\"widget\" data-widget_type=\"finlon_title.default\">\n\t\t\t\t<div class=\"elementor-widget-container\">\n\t\t\t\t\t\t\t<div class=\"block-title-wrapper\">\r\n\t\t\t<div class=\"block-title\">\r\n\t\t\t\t\t\t\t\t\t<p class=\"block-title__tagline\">CONTACT<\/p><!-- \/.block-title__tagline -->\r\n\t\t\t\t\t\t\t\t\t\t\t\t\t<h2 class=\"block-title__title\">N'h\u00e9sitez pas \u00e0 nous contacter<\/h2><!-- \/.block-title__title -->\r\n\t\t\t\t\t\t\t\t\t\t\t<\/div>\r\n\t\t\t\t\t\t\t<div class=\"block-title__desc\"><p>Besoin de nous contacter pour plus d'informations par rapport \u00e0 nos services, veuillez remplir ce formulaire.<\/p><\/div>\r\n\t\t\t\t\t<\/div>\r\n\t\t\t\t\t<\/div>\n\t\t\t\t<\/div>\n\t\t\t\t\t<\/div>\n\t\t<\/div>\n\t\t\t\t<div class=\"elementor-column elementor-col-50 elementor-top-column elementor-element elementor-element-f44c13c\" data-id=\"f44c13c\" data-element_type=\"column\" data-e-type=\"column\">\n\t\t\t<div class=\"elementor-widget-wrap elementor-element-populated\">\n\t\t\t\t\t\t<div class=\"elementor-element elementor-element-37db2c6 elementor-widget elementor-widget-wpforms\" data-id=\"37db2c6\" data-element_type=\"widget\" data-e-type=\"widget\" data-widget_type=\"wpforms.default\">\n\t\t\t\t<div class=\"elementor-widget-container\">\n\t\t\t\t\t<div class=\"wpforms-container wpforms-container-full wpforms-render-modern\" id=\"wpforms-3650\"><form id=\"wpforms-form-3650\" class=\"wpforms-validate wpforms-form wpforms-ajax-form\" data-formid=\"3650\" method=\"post\" enctype=\"multipart\/form-data\" action=\"\/index.php\/wp-json\/wp\/v2\/pages\/2405\" data-token=\"0296eff8cbfb103b26cc72a9d21408e5\" data-token-time=\"1777509206\"><noscript class=\"wpforms-error-noscript\">Please enable JavaScript in your browser to complete this form.<\/noscript><div id=\"wpforms-error-noscript\" style=\"display: none;\">Please enable JavaScript in your browser to complete this form.<\/div><div class=\"wpforms-field-container\"><div id=\"wpforms-3650-field_0-container\" class=\"wpforms-field wpforms-field-name\" data-field-id=\"0\"><fieldset><legend class=\"wpforms-field-label\">Nom <span class=\"wpforms-required-label\" aria-hidden=\"true\">*<\/span><\/legend><div class=\"wpforms-field-row wpforms-field-medium\"><div class=\"wpforms-field-row-block wpforms-first wpforms-one-half\"><input type=\"text\" id=\"wpforms-3650-field_0\" class=\"wpforms-field-name-first wpforms-field-required\" name=\"wpforms[fields][0][first]\" aria-errormessage=\"wpforms-3650-field_0-error\" required><label for=\"wpforms-3650-field_0\" class=\"wpforms-field-sublabel after\">First<\/label><\/div><div class=\"wpforms-field-row-block wpforms-one-half\"><input type=\"text\" id=\"wpforms-3650-field_0-last\" class=\"wpforms-field-name-last wpforms-field-required\" name=\"wpforms[fields][0][last]\" aria-errormessage=\"wpforms-3650-field_0-last-error\" required><label for=\"wpforms-3650-field_0-last\" class=\"wpforms-field-sublabel after\">Last<\/label><\/div><\/div><\/fieldset><\/div><div id=\"wpforms-3650-field_1-container\" class=\"wpforms-field wpforms-field-email\" data-field-id=\"1\"><label class=\"wpforms-field-label\" for=\"wpforms-3650-field_1\">E-mail <span class=\"wpforms-required-label\" aria-hidden=\"true\">*<\/span><\/label><input type=\"email\" id=\"wpforms-3650-field_1\" class=\"wpforms-field-medium wpforms-field-required\" name=\"wpforms[fields][1]\" spellcheck=\"false\" aria-errormessage=\"wpforms-3650-field_1-error\" required><\/div><div id=\"wpforms-3650-field_2-container\" class=\"wpforms-field wpforms-field-textarea\" data-field-id=\"2\"><label class=\"wpforms-field-label\" for=\"wpforms-3650-field_2\">Commentaire ou message<\/label><textarea id=\"wpforms-3650-field_2\" class=\"wpforms-field-medium\" name=\"wpforms[fields][2]\" aria-errormessage=\"wpforms-3650-field_2-error\" ><\/textarea><\/div><\/div><!-- .wpforms-field-container --><div class=\"wpforms-submit-container\" ><input type=\"hidden\" name=\"wpforms[id]\" value=\"3650\"><input type=\"hidden\" name=\"page_title\" value=\"\"><input type=\"hidden\" name=\"page_url\" value=\"https:\/\/asse-groupe.com\/index.php\/wp-json\/wp\/v2\/pages\/2405\"><input type=\"hidden\" name=\"url_referer\" value=\"\"><button type=\"submit\" name=\"wpforms[submit]\" id=\"wpforms-submit-3650\" class=\"wpforms-submit\" data-alt-text=\"Envoi...\" data-submit-text=\"Envoyer\" aria-live=\"assertive\" value=\"wpforms-submit\">Envoyer<\/button><img decoding=\"async\" src=\"https:\/\/asse-groupe.com\/wp-content\/plugins\/wpforms-lite\/assets\/images\/submit-spin.svg\" class=\"wpforms-submit-spinner\" style=\"display: none;\" width=\"26\" height=\"26\" alt=\"Loading\"><\/div><\/form><\/div>  <!-- .wpforms-container -->\t\t\t\t<\/div>\n\t\t\t\t<\/div>\n\t\t\t\t\t<\/div>\n\t\t<\/div>\n\t\t\t\t\t<\/div>\n\t\t<\/section>\n\t\t\t\t<section class=\"elementor-section elementor-top-section elementor-element elementor-element-d622745 finlon-column-stretched-none elementor-section-boxed elementor-section-height-default elementor-section-height-default\" data-id=\"d622745\" data-element_type=\"section\" data-e-type=\"section\">\n\t\t\t\t\t\t\t<div class=\"elementor-background-overlay\"><\/div>\n\t\t\t\t\t\t\t<div class=\"elementor-container elementor-column-gap-default\">\n\t\t\t\t\t<div class=\"elementor-column elementor-col-33 elementor-top-column elementor-element elementor-element-76888d8\" data-id=\"76888d8\" data-element_type=\"column\" data-e-type=\"column\">\n\t\t\t<div class=\"elementor-widget-wrap elementor-element-populated\">\n\t\t\t\t\t\t<div class=\"elementor-element elementor-element-bd2ab8c elementor-widget elementor-widget-finlon_contact_info\" data-id=\"bd2ab8c\" data-element_type=\"widget\" data-e-type=\"widget\" data-widget_type=\"finlon_contact_info.default\">\n\t\t\t\t<div class=\"elementor-widget-container\">\n\t\t\t\t\t\t\t<div class=\"contact-info-one__item\">\r\n\t\t\t<div class=\"contact-info-one__icon\">\r\n\t\t\t\t<i class=\"icon icon-telephone\"><\/i>\r\n\t\t\t<\/div><!-- \/.contact-info-one__icon -->\r\n\t\t\t<div class=\"contact-info-one__content\">\r\n\t\t\t\t<p class=\"contact-info-one__text\">Have any question?<\/p><!-- \/.contact-info-one__text -->\r\n\t\t\t\t<a class=\"contact-info-one__link\"  href=\"tel:+3-(856)000-9850\">+3-(856) 000-9850<\/a>\r\n\t\t\t<\/div><!-- \/.contact-info-one__content -->\r\n\t\t<\/div>\r\n\t\t\t\t\t<\/div>\n\t\t\t\t<\/div>\n\t\t\t\t\t<\/div>\n\t\t<\/div>\n\t\t\t\t<div class=\"elementor-column elementor-col-33 elementor-top-column elementor-element elementor-element-9758868\" data-id=\"9758868\" data-element_type=\"column\" data-e-type=\"column\">\n\t\t\t<div class=\"elementor-widget-wrap elementor-element-populated\">\n\t\t\t\t\t\t<div class=\"elementor-element elementor-element-9c5fc59 elementor-widget elementor-widget-finlon_contact_info\" data-id=\"9c5fc59\" data-element_type=\"widget\" data-e-type=\"widget\" data-widget_type=\"finlon_contact_info.default\">\n\t\t\t\t<div class=\"elementor-widget-container\">\n\t\t\t\t\t\t\t<div class=\"contact-info-one__item\">\r\n\t\t\t<div class=\"contact-info-one__icon\">\r\n\t\t\t\t<i class=\"icon icon-email\"><\/i>\r\n\t\t\t<\/div><!-- \/.contact-info-one__icon -->\r\n\t\t\t<div class=\"contact-info-one__content\">\r\n\t\t\t\t<p class=\"contact-info-one__text\">Write us email<\/p><!-- \/.contact-info-one__text -->\r\n\t\t\t\t<a class=\"contact-info-one__link\"  href=\"mailto:needhelp@company.com\">needhelp@company.com<\/a>\r\n\t\t\t<\/div><!-- \/.contact-info-one__content -->\r\n\t\t<\/div>\r\n\t\t\t\t\t<\/div>\n\t\t\t\t<\/div>\n\t\t\t\t\t<\/div>\n\t\t<\/div>\n\t\t\t\t<div class=\"elementor-column elementor-col-33 elementor-top-column elementor-element elementor-element-dc255df\" data-id=\"dc255df\" data-element_type=\"column\" data-e-type=\"column\">\n\t\t\t<div class=\"elementor-widget-wrap elementor-element-populated\">\n\t\t\t\t\t\t<div class=\"elementor-element elementor-element-159aeca elementor-widget elementor-widget-finlon_contact_info\" data-id=\"159aeca\" data-element_type=\"widget\" data-e-type=\"widget\" data-widget_type=\"finlon_contact_info.default\">\n\t\t\t\t<div class=\"elementor-widget-container\">\n\t\t\t\t\t\t\t<div class=\"contact-info-one__item\">\r\n\t\t\t<div class=\"contact-info-one__icon\">\r\n\t\t\t\t<i class=\"icon icon-pin\"><\/i>\r\n\t\t\t<\/div><!-- \/.contact-info-one__icon -->\r\n\t\t\t<div class=\"contact-info-one__content\">\r\n\t\t\t\t<p class=\"contact-info-one__text\">Visit anytime<\/p><!-- \/.contact-info-one__text -->\r\n\t\t\t\t<a class=\"contact-info-one__link\"  target=_blank href=\"https:\/\/www.google.com\/maps\/place\/88th+St,+Brooklyn,+NY,+USA\/@40.6217123,-74.0324004,17z\/data=!3m1!4b1!4m5!3m4!1s0x89c24f8a621ff737:0x63b87b08f5ac9099!8m2!3d40.6217082!4d-74.0302117\">88 Road Broklyn New York<\/a>\r\n\t\t\t<\/div><!-- \/.contact-info-one__content -->\r\n\t\t<\/div>\r\n\t\t\t\t\t<\/div>\n\t\t\t\t<\/div>\n\t\t\t\t\t<\/div>\n\t\t<\/div>\n\t\t\t\t\t<\/div>\n\t\t<\/section>\n\t\t\t\t<section class=\"elementor-section elementor-top-section elementor-element elementor-element-e556a07 elementor-section-full_width finlon-column-stretched-none elementor-section-height-default elementor-section-height-default\" data-id=\"e556a07\" data-element_type=\"section\" data-e-type=\"section\">\n\t\t\t\t\t\t<div class=\"elementor-container elementor-column-gap-default\">\n\t\t\t\t\t<div class=\"elementor-column elementor-col-100 elementor-top-column elementor-element elementor-element-8a042b3\" data-id=\"8a042b3\" data-element_type=\"column\" data-e-type=\"column\">\n\t\t\t<div class=\"elementor-widget-wrap elementor-element-populated\">\n\t\t\t\t\t\t<div class=\"elementor-element elementor-element-cadb7b5 elementor-widget elementor-widget-google_maps\" data-id=\"cadb7b5\" data-element_type=\"widget\" data-e-type=\"widget\" data-widget_type=\"google_maps.default\">\n\t\t\t\t<div class=\"elementor-widget-container\">\n\t\t\t\t\t\t\t<div class=\"elementor-custom-embed\">\n\t\t\t<iframe loading=\"lazy\"\n\t\t\t\t\tsrc=\"https:\/\/maps.google.com\/maps?q=Costco%20Wholesale%2CWestlake%20Village%2C%20CA%2091362&#038;t=m&#038;z=16&#038;output=embed&#038;iwloc=near\"\n\t\t\t\t\ttitle=\"Costco Wholesale,Westlake Village, CA 91362\"\n\t\t\t\t\taria-label=\"Costco Wholesale,Westlake Village, CA 91362\"\n\t\t\t><\/iframe>\n\t\t<\/div>\n\t\t\t\t\t\t<\/div>\n\t\t\t\t<\/div>\n\t\t\t\t\t<\/div>\n\t\t<\/div>\n\t\t\t\t\t<\/div>\n\t\t<\/section>\n\t\t\t\t<\/div>\n\t\t","protected":false},"excerpt":{"rendered":"<p>CONTACT N&#8217;h\u00e9sitez pas \u00e0 nous contacter Besoin de nous contacter pour plus d&#8217;informations par rapport \u00e0 nos services, veuillez remplir ce formulaire. Veuillez activer JavaScript dans votre navigateur pour remplir ce formulaire.Veuillez activer JavaScript dans votre navigateur pour remplir ce formulaire. Nom * Pr\u00e9nomNom E-mail *Commentaire ou message Envoyer Have any question? +3-(856) 000-9850 Write [&hellip;]<\/p>\n","protected":false},"author":1,"featured_media":0,"parent":0,"menu_order":0,"comment_status":"closed","ping_status":"closed","template":"page-template\/full-width-page-template.php","meta":{"om_disable_all_campaigns":false,"_monsterinsights_skip_tracking":false,"_monsterinsights_sitenote_active":false,"_monsterinsights_sitenote_note":"","_monsterinsights_sitenote_category":0,"footnotes":""},"class_list":["post-2405","page","type-page","status-publish","hentry"],"aioseo_notices":[],"_hostinger_reach_plugin_has_subscription_block":false,"_hostinger_reach_plugin_is_elementor":false,"_links":{"self":[{"href":"https:\/\/asse-groupe.com\/index.php\/wp-json\/wp\/v2\/pages\/2405","targetHints":{"allow":["GET"]}}],"collection":[{"href":"https:\/\/asse-groupe.com\/index.php\/wp-json\/wp\/v2\/pages"}],"about":[{"href":"https:\/\/asse-groupe.com\/index.php\/wp-json\/wp\/v2\/types\/page"}],"author":[{"embeddable":true,"href":"https:\/\/asse-groupe.com\/index.php\/wp-json\/wp\/v2\/users\/1"}],"replies":[{"embeddable":true,"href":"https:\/\/asse-groupe.com\/index.php\/wp-json\/wp\/v2\/comments?post=2405"}],"version-history":[{"count":6,"href":"https:\/\/asse-groupe.com\/index.php\/wp-json\/wp\/v2\/pages\/2405\/revisions"}],"predecessor-version":[{"id":3766,"href":"https:\/\/asse-groupe.com\/index.php\/wp-json\/wp\/v2\/pages\/2405\/revisions\/3766"}],"wp:attachment":[{"href":"https:\/\/asse-groupe.com\/index.php\/wp-json\/wp\/v2\/media?parent=2405"}],"curies":[{"name":"wp","href":"https:\/\/api.w.org\/{rel}","templated":true}]}}