{"id":2099,"date":"2022-08-10T11:48:59","date_gmt":"2022-08-10T11:48:59","guid":{"rendered":"https:\/\/thegenius.co\/wp\/finlon\/live\/?page_id=2099"},"modified":"2026-01-25T12:28:05","modified_gmt":"2026-01-25T11:28:05","slug":"who-are-we","status":"publish","type":"page","link":"https:\/\/asse-groupe.com\/index.php\/who-are-we\/","title":{"rendered":"Qui sommes-nous ?"},"content":{"rendered":"\t\t<div data-elementor-type=\"wp-page\" data-elementor-id=\"2099\" class=\"elementor elementor-2099\">\n\t\t\t\t\t\t<section class=\"elementor-section elementor-top-section elementor-element elementor-element-c7b198d finlon-column-stretched-none elementor-section-boxed elementor-section-height-default elementor-section-height-default\" data-id=\"c7b198d\" data-element_type=\"section\" data-e-type=\"section\">\n\t\t\t\t\t\t<div class=\"elementor-container elementor-column-gap-default\">\n\t\t\t\t\t<div class=\"elementor-column elementor-col-50 elementor-top-column elementor-element elementor-element-6b17e6d\" data-id=\"6b17e6d\" data-element_type=\"column\" data-e-type=\"column\">\n\t\t\t<div class=\"elementor-widget-wrap elementor-element-populated\">\n\t\t\t\t\t\t<div class=\"elementor-element elementor-element-b6b5e93 elementor-widget elementor-widget-finlon_image_box\" data-id=\"b6b5e93\" data-element_type=\"widget\" data-e-type=\"widget\" data-widget_type=\"finlon_image_box.default\">\n\t\t\t\t<div class=\"elementor-widget-container\">\n\t\t\t\t\t\t\t<div class=\"about-four__image image-style-2 clearfix\">\r\n\t\t\t<div class=\"about-four__image-inner  \">\r\n\t\t\t\t<img decoding=\"async\" src=\"https:\/\/thegenius.co\/wp\/finlon\/live\/wp-content\/uploads\/2022\/07\/about-5-1.png\" alt=\"\">\r\n\t\t\t\t\t\t\t\t\t\t\t\t\t\t\t<div class=\"about-five__image__caption image-caption caption-left\">\r\n\t\t\t\t\t\t\t<div class=\"about-five__image__caption__shape-1\"><\/div>\r\n\t\t\t\t\t\t\t<!-- \/.about-five__image__caption__shape-1 -->\r\n\t\t\t\t\t\t\t<div class=\"about-five__image__caption__shape-2\"><\/div>\r\n\t\t\t\t\t\t\t<!-- \/.about-five__image__caption__shape-2 -->\r\n\t\t\t\t\t\t\t<div class=\"about-five__image__caption__shape-3\"><\/div>\r\n\t\t\t\t\t\t\t<!-- \/.about-five__image__caption__shape-3 -->\r\n\t\t\t\t\t\t\t<h3 class=\"about-five__image__title\">\r\n\t\t\t\t\t\t\t\t25<span>+<\/span>\t\t\t\t\t\t\t<\/h3><!-- \/.about-five__image__title -->\r\n\t\t\t\t\t\t\t\t\t\t\t\t\t\t\t<p class=\"about-five__image__text\">Years Experiance<\/p>\r\n\t\t\t\t\t\t\t<!-- \/.about-five__image__text -->\r\n\t\t\t\t\t\t<\/div>\r\n\t\t\t\t\t\t\t\t\t\t\t\t\t\t\t\t\t\t\t\t\t\t\t\t\t\t<div class=\"about-four__image__floated\">Finlon<\/div>\r\n\t\t\t\t\t\t\t<\/div>\r\n\t\t<\/div>\r\n\t\t\t\t\t<\/div>\n\t\t\t\t<\/div>\n\t\t\t\t\t<\/div>\n\t\t<\/div>\n\t\t\t\t<div class=\"elementor-column elementor-col-50 elementor-top-column elementor-element elementor-element-0b8697f\" data-id=\"0b8697f\" data-element_type=\"column\" data-e-type=\"column\">\n\t\t\t<div class=\"elementor-widget-wrap elementor-element-populated\">\n\t\t\t\t\t\t<div class=\"elementor-element elementor-element-4464fbf elementor-widget elementor-widget-finlon_floating_image_widget\" data-id=\"4464fbf\" data-element_type=\"widget\" data-e-type=\"widget\" data-widget_type=\"finlon_floating_image_widget.default\">\n\t\t\t\t<div class=\"elementor-widget-container\">\n\t\t\t\t\t\t\t\t<div class=\"floating-img-box\">\r\n\t\t\t\t<img decoding=\"async\" src=\"https:\/\/thegenius.co\/wp\/finlon\/live\/wp-content\/uploads\/2022\/07\/about-5-s-2.png\" class=\"floating-image\" alt=\"\" style=\"animation-name: bubbleMover;animation-duration: 5s;\">\r\n\t\t\t<\/div>\r\n\t\t\t\t\t\t<\/div>\n\t\t\t\t<\/div>\n\t\t\t\t<div class=\"elementor-element elementor-element-f9e7736 elementor-widget elementor-widget-finlon_title\" data-id=\"f9e7736\" data-element_type=\"widget\" data-e-type=\"widget\" data-widget_type=\"finlon_title.default\">\n\t\t\t\t<div class=\"elementor-widget-container\">\n\t\t\t\t\t\t\t<div class=\"block-title-wrapper\">\r\n\t\t\t<div class=\"block-title\">\r\n\t\t\t\t\t\t\t\t\t\t\t\t\t\t\t\t\t<h3 class=\"block-title__subtitle\">Who are we?<\/h3>\r\n\t\t\t\t\t\t\t<\/div>\r\n\t\t\t\t\t\t\t<div class=\"block-title__desc\"><p>Face \u00e0 la hausse des refus de cr\u00e9dit pour les m\u00e9nages fran\u00e7ais solvables,<strong> ASSE GROUPE<\/strong> propose une gamme compl\u00e8te de pr\u00eats adapt\u00e9s \u00e0 leurs besoins. Sp\u00e9cialis\u00e9s dans le cr\u00e9dit aux particuliers, nous mettons notre expertise au service de nos clients, alliant savoir-faire bancaire et approche humaine (\u00e9coute et compr\u00e9hension).<\/p><p><strong>ASSE GROUPE<\/strong> figure aujourd'hui parmi les leaders du cr\u00e9dit aux particuliers 100 % ind\u00e9pendant. Cette position nous permet de vous offrir les meilleures conditions d'emprunt et un service premium. Nous comptons plus de 7 000 clients satisfaits et un r\u00e9seau national en constante expansion.<\/p><p><strong>ASSE GROUPE<\/strong> : un acteur majeur du cr\u00e9dit aux particuliers et aux entreprises.<\/p><\/div>\r\n\t\t\t\t\t<\/div>\r\n\t\t\t\t\t<\/div>\n\t\t\t\t<\/div>\n\t\t\t\t<div class=\"elementor-element elementor-element-0e5d436 about-five elementor-widget elementor-widget-finlon_progress_bar\" data-id=\"0e5d436\" data-element_type=\"widget\" data-e-type=\"widget\" data-widget_type=\"finlon_progress_bar.default\">\n\t\t\t\t<div class=\"elementor-widget-container\">\n\t\t\t\t\t\t\t<div class=\"team-progress__item\">\r\n\t\t\t\t\t\t\t<h4 class=\"team-progress__title\">plan d&#039;investissement<\/h4>\r\n\t\t\t\t\t\t<div class=\"team-progress__bar\">\r\n\t\t\t\t<div class=\"team-progress__bar__inner count-bar\" data-percent=\"77%\">\r\n\t\t\t\t\t<div class=\"team-progress__bar__text count-text\">77%<\/div>\r\n\t\t\t\t<\/div>\r\n\t\t\t<\/div>\r\n\t\t<\/div>\r\n\t\t\t\t<div class=\"team-progress__item\">\r\n\t\t\t\t\t\t\t<h4 class=\"team-progress__title\">Exp\u00e9rience en conseil<\/h4>\r\n\t\t\t\t\t\t<div class=\"team-progress__bar\">\r\n\t\t\t\t<div class=\"team-progress__bar__inner count-bar\" data-percent=\"68%\">\r\n\t\t\t\t\t<div class=\"team-progress__bar__text count-text\">68%<\/div>\r\n\t\t\t\t<\/div>\r\n\t\t\t<\/div>\r\n\t\t<\/div>\r\n\t\t\t\t<script type=\"text\/javascript\">\r\n\t\t\tjQuery( function( $ ) {\r\n\t\t\t\t\"use strict\";\r\n\t\t\t\tif ($(\".count-bar\").length) {\r\n\t\t\t\t\t$(\".count-bar\").appear(\r\n\t\t\t\t\t\tfunction () {\r\n\t\t\t\t\t\t\tvar el = $(this);\r\n\t\t\t\t\t\t\tvar percent = el.data(\"percent\");\r\n\t\t\t\t\t\t\t$(el).css(\"width\", percent).addClass(\"counted\");\r\n\t\t\t\t\t\t},\r\n\t\t\t\t\t\t{\r\n\t\t\t\t\t\t\taccY: -50\r\n\t\t\t\t\t\t}\r\n\t\t\t\t\t);\r\n\t\t\t\t}\r\n\t\t\t} );\r\n\t\t<\/script>\r\n\t\t\t\t\t<\/div>\n\t\t\t\t<\/div>\n\t\t\t\t\t<\/div>\n\t\t<\/div>\n\t\t\t\t\t<\/div>\n\t\t<\/section>\n\t\t\t\t<\/div>\n\t\t","protected":false},"excerpt":{"rendered":"<p>25+ Years Experiance Finlon Who are we? Face \u00e0 la hausse des refus de cr\u00e9dit pour les m\u00e9nages fran\u00e7ais solvables, ASSE GROUPE propose une gamme compl\u00e8te de pr\u00eats adapt\u00e9s \u00e0 leurs besoins. Sp\u00e9cialis\u00e9s dans le cr\u00e9dit aux particuliers, nous mettons notre expertise au service de nos clients, alliant savoir-faire bancaire et approche humaine (\u00e9coute et [&hellip;]<\/p>\n","protected":false},"author":1,"featured_media":0,"parent":0,"menu_order":0,"comment_status":"closed","ping_status":"closed","template":"page-template\/full-width-page-template.php","meta":{"om_disable_all_campaigns":false,"_monsterinsights_skip_tracking":false,"_monsterinsights_sitenote_active":false,"_monsterinsights_sitenote_note":"","_monsterinsights_sitenote_category":0,"footnotes":""},"class_list":["post-2099","page","type-page","status-publish","hentry"],"aioseo_notices":[],"_hostinger_reach_plugin_has_subscription_block":false,"_hostinger_reach_plugin_is_elementor":false,"_links":{"self":[{"href":"https:\/\/asse-groupe.com\/index.php\/wp-json\/wp\/v2\/pages\/2099","targetHints":{"allow":["GET"]}}],"collection":[{"href":"https:\/\/asse-groupe.com\/index.php\/wp-json\/wp\/v2\/pages"}],"about":[{"href":"https:\/\/asse-groupe.com\/index.php\/wp-json\/wp\/v2\/types\/page"}],"author":[{"embeddable":true,"href":"https:\/\/asse-groupe.com\/index.php\/wp-json\/wp\/v2\/users\/1"}],"replies":[{"embeddable":true,"href":"https:\/\/asse-groupe.com\/index.php\/wp-json\/wp\/v2\/comments?post=2099"}],"version-history":[{"count":31,"href":"https:\/\/asse-groupe.com\/index.php\/wp-json\/wp\/v2\/pages\/2099\/revisions"}],"predecessor-version":[{"id":3785,"href":"https:\/\/asse-groupe.com\/index.php\/wp-json\/wp\/v2\/pages\/2099\/revisions\/3785"}],"wp:attachment":[{"href":"https:\/\/asse-groupe.com\/index.php\/wp-json\/wp\/v2\/media?parent=2099"}],"curies":[{"name":"wp","href":"https:\/\/api.w.org\/{rel}","templated":true}]}}